{"id":20264,"date":"2025-12-09T01:37:05","date_gmt":"2025-12-09T01:37:05","guid":{"rendered":"https:\/\/zainwestern.com\/?post_type=product&#038;p=20264"},"modified":"2025-12-09T01:37:07","modified_gmt":"2025-12-09T01:37:07","slug":"auger-power-head-5013-x-002","status":"publish","type":"product","link":"https:\/\/zainwestern.com\/ar\/product\/auger-power-head-5013-x-002\/","title":{"rendered":"Auger Power Head\n 5013 X \/ 002"},"content":{"rendered":"<p><strong>Drilling Apparatus<\/strong><\/p>\n<p>Designed to drill small holes in every sector mounts an Emak 2-stroke engine with chrome cylinder and forged-steel drive shaft and connecting rod. The engine controls are grouped together on just one hand making them the ideal solution for single man. Auger Head <strong>NEED TO ORDER SEPARATELY.<\/strong><\/p>\n<p><strong>Technical Specifications :<\/strong><\/p>\n<table border=\"1\">\n<tbody>\n<tr>\n<td><strong> Model Number<\/strong><\/td>\n<td><strong> 5013 X \/ 002<\/strong><\/td>\n<\/tr>\n<tr>\n<td colspan=\"2\"><b> Drill<\/b><\/td>\n<\/tr>\n<tr>\n<td><strong> Reduction Ratio<\/strong><\/td>\n<td> 40 : 1<\/td>\n<\/tr>\n<tr>\n<td><strong> Punte-bits<\/strong><\/td>\n<td> \u00d810 cm , \u00d815 cm, \u00d820 cm<\/td>\n<\/tr>\n<tr>\n<td><strong> Reduction Gearbox with Grease<\/strong><\/td>\n<td> Yes<\/td>\n<\/tr>\n<tr>\n<td colspan=\"2\"><strong> Engine<\/strong><\/td>\n<\/tr>\n<tr>\n<td><strong> Type<\/strong><\/td>\n<td> Air-cooled Two Cycle Engine <\/td>\n<\/tr>\n<tr>\n<td><strong> Alternate Code<\/strong><\/td>\n<td> 1E44F-2A<\/td>\n<\/tr>\n<tr>\n<td><strong> Power<\/strong><\/td>\n<td> 1.4KW \/ 6500 r\/min<\/td>\n<\/tr>\n<tr>\n<td><strong> Idle Speed<\/strong><\/td>\n<td> 3000 \u00b1 200r<\/td>\n<\/tr>\n<tr>\n<td><strong> Clutch Speed<\/strong><\/td>\n<td> 4000 \u00b1 300r<\/td>\n<\/tr>\n<tr>\n<td><strong> High Speed<\/strong><\/td>\n<td> 8500 \u00b1 300r<\/td>\n<\/tr>\n<tr>\n<td><strong> Total Displacement<\/strong><\/td>\n<td> 51.7 CC<\/td>\n<\/tr>\n<tr>\n<td><strong> Way of Ignition<\/strong><\/td>\n<td> Electric Ignition (CDI) <\/td>\n<\/tr>\n<tr>\n<td><strong> Ignition System<\/strong><\/td>\n<td> Transistor Magneto<\/td>\n<\/tr>\n<tr>\n<td><strong> Form of Carburettor<\/strong><\/td>\n<td> Diaphragm<\/td>\n<\/tr>\n<tr>\n<td><strong> Fuel Applicable<\/strong><\/td>\n<td> Gasoline<\/td>\n<\/tr>\n<tr>\n<td><strong> Tank Capacity<\/strong><\/td>\n<td> 1.2 L<\/td>\n<\/tr>\n<\/tbody>\n<\/table>","protected":false},"excerpt":{"rendered":"<p>Drilling Apparatus Designed to drill small holes in every sector mounts an Emak 2-stroke engine with chrome cylinder and forged-steel drive shaft and connecting rod. The engine controls are grouped together on just one hand making them the ideal solution for single man. Auger Head NEED TO ORDER SEPARATELY. Technical Specifications : Model Number 5013 [&hellip;]<\/p>","protected":false},"featured_media":18862,"comment_status":"open","ping_status":"closed","template":"","meta":{"_acf_changed":false},"product_brand":[],"product_cat":[142],"product_tag":[],"class_list":{"0":"post-20264","1":"product","2":"type-product","3":"status-publish","4":"has-post-thumbnail","6":"product_cat-soil-testing-equipments","8":"first","9":"instock","10":"shipping-taxable","11":"purchasable","12":"product-type-simple"},"acf":[],"_links":{"self":[{"href":"https:\/\/zainwestern.com\/ar\/wp-json\/wp\/v2\/product\/20264","targetHints":{"allow":["GET"]}}],"collection":[{"href":"https:\/\/zainwestern.com\/ar\/wp-json\/wp\/v2\/product"}],"about":[{"href":"https:\/\/zainwestern.com\/ar\/wp-json\/wp\/v2\/types\/product"}],"replies":[{"embeddable":true,"href":"https:\/\/zainwestern.com\/ar\/wp-json\/wp\/v2\/comments?post=20264"}],"wp:featuredmedia":[{"embeddable":true,"href":"https:\/\/zainwestern.com\/ar\/wp-json\/wp\/v2\/media\/18862"}],"wp:attachment":[{"href":"https:\/\/zainwestern.com\/ar\/wp-json\/wp\/v2\/media?parent=20264"}],"wp:term":[{"taxonomy":"product_brand","embeddable":true,"href":"https:\/\/zainwestern.com\/ar\/wp-json\/wp\/v2\/product_brand?post=20264"},{"taxonomy":"product_cat","embeddable":true,"href":"https:\/\/zainwestern.com\/ar\/wp-json\/wp\/v2\/product_cat?post=20264"},{"taxonomy":"product_tag","embeddable":true,"href":"https:\/\/zainwestern.com\/ar\/wp-json\/wp\/v2\/product_tag?post=20264"}],"curies":[{"name":"wp","href":"https:\/\/api.w.org\/{rel}","templated":true}]}}