{"id":20189,"date":"2025-12-09T01:36:54","date_gmt":"2025-12-09T01:36:54","guid":{"rendered":"https:\/\/zainwestern.com\/?post_type=product&#038;p=20189"},"modified":"2025-12-09T01:36:56","modified_gmt":"2025-12-09T01:36:56","slug":"splitting-tensile-device-4012-x-001","status":"publish","type":"product","link":"https:\/\/zainwestern.com\/ar\/product\/splitting-tensile-device-4012-x-001\/","title":{"rendered":"Splitting Tensile Device\n 4012 X \/ 001"},"content":{"rendered":"<p><strong>Standard: EN 12390-6, ASTM C496<\/strong><\/p>\n<p><strong> <\/strong><\/p>\n<p><strong>Splitting Tensile Test <\/strong><\/p>\n<p>To perform tests on cylindrical specimens of various diameter. The resulting orthogonal tensile force causes the specimen to fail in tension.<\/p>\n<\/p>\n<p><span style=\"font-family: tahoma, arial, helvetica, sans-serif; font-size: 10pt;\"><strong>Technical Specifications : <\/strong><\/span><\/p>\n<table border=\"1\">\n<tbody>\n<tr>\n<td><span style=\"font-size: 12.16px;\"><strong><span style=\"font-family: Tahoma, Helvetica, Arial, sans-serif;\"> Model Number<\/span><\/strong><\/span><\/td>\n<td><strong> 4012 X \/ 001<\/strong><\/td>\n<\/tr>\n<tr>\n<td> Specimen Size (mm)<\/td>\n<td> \u00d8 100 x 200 (\u00d8 4&#8243;x 8&#8243;) to \u00d8 150 x 300 (\u00d8 6&#8243; x 12&#8243;) &amp; \u00d8 160 x 320<\/td>\n<\/tr>\n<tr>\n<td> Packing Size<\/td>\n<td> 350 (L) x 250 (W) x 280 (H) mm<\/td>\n<\/tr>\n<tr>\n<td> Approx. Weight<\/td>\n<td> 18 kg<\/td>\n<\/tr>\n<\/tbody>\n<\/table>","protected":false},"excerpt":{"rendered":"<p>Standard: EN 12390-6, ASTM C496 Splitting Tensile Test To perform tests on cylindrical specimens of various diameter. The resulting orthogonal tensile force causes the specimen to fail in tension. Technical Specifications : Model Number 4012 X \/ 001 Specimen Size (mm) \u00d8 100 x 200 (\u00d8 4&#8243;x 8&#8243;) to \u00d8 150 x 300 (\u00d8 6&#8243; [&hellip;]<\/p>","protected":false},"featured_media":19066,"comment_status":"open","ping_status":"closed","template":"","meta":{"_acf_changed":false},"product_brand":[],"product_cat":[141],"product_tag":[],"class_list":{"0":"post-20189","1":"product","2":"type-product","3":"status-publish","4":"has-post-thumbnail","6":"product_cat-concrete-testing-equipments","8":"first","9":"instock","10":"shipping-taxable","11":"purchasable","12":"product-type-simple"},"acf":[],"_links":{"self":[{"href":"https:\/\/zainwestern.com\/ar\/wp-json\/wp\/v2\/product\/20189","targetHints":{"allow":["GET"]}}],"collection":[{"href":"https:\/\/zainwestern.com\/ar\/wp-json\/wp\/v2\/product"}],"about":[{"href":"https:\/\/zainwestern.com\/ar\/wp-json\/wp\/v2\/types\/product"}],"replies":[{"embeddable":true,"href":"https:\/\/zainwestern.com\/ar\/wp-json\/wp\/v2\/comments?post=20189"}],"wp:featuredmedia":[{"embeddable":true,"href":"https:\/\/zainwestern.com\/ar\/wp-json\/wp\/v2\/media\/19066"}],"wp:attachment":[{"href":"https:\/\/zainwestern.com\/ar\/wp-json\/wp\/v2\/media?parent=20189"}],"wp:term":[{"taxonomy":"product_brand","embeddable":true,"href":"https:\/\/zainwestern.com\/ar\/wp-json\/wp\/v2\/product_brand?post=20189"},{"taxonomy":"product_cat","embeddable":true,"href":"https:\/\/zainwestern.com\/ar\/wp-json\/wp\/v2\/product_cat?post=20189"},{"taxonomy":"product_tag","embeddable":true,"href":"https:\/\/zainwestern.com\/ar\/wp-json\/wp\/v2\/product_tag?post=20189"}],"curies":[{"name":"wp","href":"https:\/\/api.w.org\/{rel}","templated":true}]}}