{"id":20166,"date":"2025-12-09T01:36:50","date_gmt":"2025-12-09T01:36:50","guid":{"rendered":"https:\/\/zainwestern.com\/?post_type=product&#038;p=20166"},"modified":"2025-12-09T01:36:52","modified_gmt":"2025-12-09T01:36:52","slug":"compressometer-extensometer-apparatus-4002-x","status":"publish","type":"product","link":"https:\/\/zainwestern.com\/ar\/product\/compressometer-extensometer-apparatus-4002-x\/","title":{"rendered":"Compressometer Extensometer Apparatus\n 4002 X \/"},"content":{"rendered":"<p><strong>Standard: ASTM C469<\/strong><\/p>\n<p><strong> <\/strong><\/p>\n<p><strong>Strain &amp; Deformation<\/strong><\/p>\n<p>Used to determine the strain and deformation characteristics of concrete cylinder specimens.<\/p>\n<\/p>\n<p><span style=\"font-family: tahoma, arial, helvetica, sans-serif; font-size: 10pt;\"><strong>Technical Specifications : <\/strong><\/span><\/p>\n<table border=\"1\">\n<tbody>\n<tr>\n<td><span style=\"font-size: 12.16px;\"><strong><span style=\"font-family: Tahoma, Helvetica, Arial, sans-serif;\"> Model Number<\/span><\/strong><\/span><\/td>\n<td><strong> Parts Descriptions<\/strong><\/td>\n<\/tr>\n<tr>\n<td> 4002 X \/ 004<\/td>\n<td> Compressometer Apparatus (For Cylinder \u00d8100 x 200mm,<br \/>\u00d8112.8 x 220 mm &amp; \u00d84&#8243; x 8&#8243;)<\/td>\n<\/tr>\n<tr>\n<td> 4002 X \/ 005<\/td>\n<td> Compressometer &#8211; Extensometer Apparatus (for \u00d8100 &#8211; 112.8mm)<\/td>\n<\/tr>\n<tr>\n<td> 7020 X \/ 013<\/td>\n<td> Digital Dial Indicator (6.5 x 0.001 mm)<\/td>\n<\/tr>\n<\/tbody>\n<\/table>\n<p>*Remarks: Each model need order saperately<\/p>","protected":false},"excerpt":{"rendered":"<p>Standard: ASTM C469 Strain &amp; Deformation Used to determine the strain and deformation characteristics of concrete cylinder specimens. Technical Specifications : Model Number Parts Descriptions 4002 X \/ 004 Compressometer Apparatus (For Cylinder \u00d8100 x 200mm,\u00d8112.8 x 220 mm &amp; \u00d84&#8243; x 8&#8243;) 4002 X \/ 005 Compressometer &#8211; Extensometer Apparatus (for \u00d8100 &#8211; 112.8mm) [&hellip;]<\/p>","protected":false},"featured_media":18580,"comment_status":"open","ping_status":"closed","template":"","meta":{"_acf_changed":false},"product_brand":[],"product_cat":[141],"product_tag":[],"class_list":{"0":"post-20166","1":"product","2":"type-product","3":"status-publish","4":"has-post-thumbnail","6":"product_cat-concrete-testing-equipments","8":"first","9":"instock","10":"shipping-taxable","11":"purchasable","12":"product-type-simple"},"acf":[],"_links":{"self":[{"href":"https:\/\/zainwestern.com\/ar\/wp-json\/wp\/v2\/product\/20166","targetHints":{"allow":["GET"]}}],"collection":[{"href":"https:\/\/zainwestern.com\/ar\/wp-json\/wp\/v2\/product"}],"about":[{"href":"https:\/\/zainwestern.com\/ar\/wp-json\/wp\/v2\/types\/product"}],"replies":[{"embeddable":true,"href":"https:\/\/zainwestern.com\/ar\/wp-json\/wp\/v2\/comments?post=20166"}],"wp:featuredmedia":[{"embeddable":true,"href":"https:\/\/zainwestern.com\/ar\/wp-json\/wp\/v2\/media\/18580"}],"wp:attachment":[{"href":"https:\/\/zainwestern.com\/ar\/wp-json\/wp\/v2\/media?parent=20166"}],"wp:term":[{"taxonomy":"product_brand","embeddable":true,"href":"https:\/\/zainwestern.com\/ar\/wp-json\/wp\/v2\/product_brand?post=20166"},{"taxonomy":"product_cat","embeddable":true,"href":"https:\/\/zainwestern.com\/ar\/wp-json\/wp\/v2\/product_cat?post=20166"},{"taxonomy":"product_tag","embeddable":true,"href":"https:\/\/zainwestern.com\/ar\/wp-json\/wp\/v2\/product_tag?post=20166"}],"curies":[{"name":"wp","href":"https:\/\/api.w.org\/{rel}","templated":true}]}}